{"id":228,"date":"2025-05-14T18:33:38","date_gmt":"2025-05-14T18:33:38","guid":{"rendered":"https:\/\/kesimlerinsaat.com\/?page_id=228"},"modified":"2026-01-25T16:12:15","modified_gmt":"2026-01-25T13:12:15","slug":"anasayfa","status":"publish","type":"page","link":"https:\/\/kesimlerinsaat.com\/","title":{"rendered":"Anasayfa"},"content":{"rendered":"<h4>Kesimler \u0130n\u015faat<\/h4>\n<h2>Sanayi i\u00e7in in\u015fa ediyor, gelece\u011fi \u015fekillendiriyoruz.<br \/>\n<\/h2>\n<p>\t\t\t\t\t<a href=\"#\"><br \/>\n\t\t\t\t\t\t\t\t\tDaha Fazla Bilgi<br \/>\n\t\t\t\t\t<\/a><\/p>\n<h6>K\u0131saca Hakk\u0131m\u0131zda<\/h6>\n<h2>End\u00fcstriye G\u00fc\u00e7 Katan Yap\u0131lar.<\/h2>\n<p>2017 y\u0131l\u0131nda G\u00fcrkan Kesim taraf\u0131ndan kurulan firma, ilk olarak tekstil sekt\u00f6r\u00fcnde G\u00fcrfer Nonwovens b\u00fcnyesinde faaliyet g\u00f6stermi\u015f, ard\u0131ndan in\u015faat sekt\u00f6r\u00fcne ge\u00e7i\u015f yaparak <strong data-start=\"318\" data-end=\"337\">Kesimler \u0130n\u015faat<\/strong> markas\u0131n\u0131 olu\u015fturmu\u015ftur. Firma, sanayi siteleri ve end\u00fcstriyel projelere odaklanarak sekt\u00f6rde g\u00fcvenilir bir konuma ula\u015fm\u0131\u015ft\u0131r. M\u00fchendislik bilgisi, saha deneyimi ve kalite anlay\u0131\u015f\u0131yla modern ve i\u015flevsel yap\u0131lar in\u015fa eden Kesimler \u0130n\u015faat, m\u00fc\u015fteri memnuniyeti ve y\u00fcksek kalite standartlar\u0131yla \u00f6ne \u00e7\u0131kmaktad\u0131r. \u00dclke genelinde de\u011fer yaratan bir marka olma vizyonuyla istikrarl\u0131 b\u00fcy\u00fcmesini s\u00fcrd\u00fcrmektedir.<\/p>\n<p>\t\t\t\t0<br \/>\n\t\t\t\t\t\t\t\t\t+<\/p>\n<p>\n\t\t\t\t\t\tTamamlanan Proje\t\t\t\t\t<\/p>\n<p>\t\t\t\t0<br \/>\n\t\t\t\t\t\t\t\t\t+<\/p>\n<p>\n\t\t\t\t\t\tToplam D\u00fckkan Say\u0131s\u0131\t\t\t\t\t<\/p>\n<p>\t\t\t\t0<br \/>\n\t\t\t\t\t\t\t\t\t+<\/p>\n<p>\n\t\t\t\t\t\tToplam Kapal\u0131 Alan\t\t\t\t\t<\/p>\n<p><a href=\"https:\/\/www.youtube.com\/embed\/1MTkZPys7mU?feature=oembed?playlist=1MTkZPys7mU&amp;mute=0&amp;autoplay=0&amp;loop=no&amp;controls=0&amp;start=0&amp;end=\" aria-label=\"video-popup\"><br \/>\n\t\t\t\t\t\t<\/a><\/p>\n<h6>K\u0131sa Videoyu Oynat<\/h6>\n<h6>Kesimler \u0130n\u015faat<\/h6>\n<h2>End\u00fcstriye G\u00fc\u00e7 Katan Yap\u0131lar.<\/h2>\n<p>Lorem ipsum dolor sit amet, consectetur adipiscing elit. Ut elit tellus, luctus nec ullamcorper mattis, pulvinar dapibus leo.<\/p>\n<ul>\n<li>\n\t\t\t\t\t\t\t\t\t\tMaecenas euismod lectus auctor pulvinar vulputate vehicula\n\t\t\t\t\t\t\t\t\t<\/li>\n<li>\n\t\t\t\t\t\t\t\t\t\tHac sodales vulputate vel\n\t\t\t\t\t\t\t\t\t<\/li>\n<li>\n\t\t\t\t\t\t\t\t\t\tFinibus malesuada vivamus rutrum ex\n\t\t\t\t\t\t\t\t\t<\/li>\n<li>\n\t\t\t\t\t\t\t\t\t\tMassa faucibus mattis suscipit magnis facilisi ullamcorper\n\t\t\t\t\t\t\t\t\t<\/li>\n<\/ul>\n<h4>\u00d6ne \u00c7\u0131kan Projelerimiz<\/h4>\n<h3>Hayallerinizi bizimle tasarlay\u0131n.\u200b<br \/>\n<\/h3>\n<h4>\n\t\t\t\t\t\tSaray Kesim Sanayii Sitesi\t\t\t\t\t<\/h4>\n<p>\t\t\t\t\t\t11 Adet D\u00fckkan<br \/>\n\t\t\t\t\t<a href=\"#\"><br \/>\n\t\t\t\t\t\tView project\t\t\t\t\t<\/a><\/p>\n<h3>\n\t\t\t\t\t\tB\u00fcy\u00fck Kar\u0131\u015ft\u0131ran Kesim Sanayii Sitesi 3\t\t\t\t\t<\/h3>\n<p>\t\t\t\t\t\t13 Adet D\u00fckkan<br \/>\n\t\t\t\t\t<a><br \/>\n\t\t\t\t\t\tView project\t\t\t\t\t<\/a><\/p>\n<h4>\n\t\t\t\t\t\tB\u00fcy\u00fck Kar\u0131\u015ft\u0131ran Kesim Sanayii Sitesi 2\t\t\t\t\t<\/h4>\n<p>\t\t\t\t\t\t17 Adet D\u00fckkan<br \/>\n\t\t\t\t\t<a href=\"#\"><br \/>\n\t\t\t\t\t\tView project\t\t\t\t\t<\/a><\/p>\n<h3>\n\t\t\t\t\t\tB\u00fcy\u00fck Kar\u0131\u015ft\u0131ran Kesim Sanayii Sitesi 1\t\t\t\t\t<\/h3>\n<p>\t\t\t\t\t\t28 Adet D\u00fckkan, 3 Adet Ofis<br \/>\n\t\t\t\t\t<a><br \/>\n\t\t\t\t\t\tView project\t\t\t\t\t<\/a><\/p>\n<h3>\n\t\t\t\t\t\tKaraa\u011fa\u00e7 Kesim Sanayii Sitesi\t\t\t\t\t<\/h3>\n<p>\t\t\t\t\t\t12 Adet D\u00fckkan<br \/>\n\t\t\t\t\t<a><br \/>\n\t\t\t\t\t\tView project\t\t\t\t\t<\/a><\/p>\n<h4>\n\t\t\t\t\t\tVelime\u015fe Kesim 1\t\t\t\t\t<\/h4>\n<p>\t\t\t\t\t<a href=\"#\"><br \/>\n\t\t\t\t\t\tView project\t\t\t\t\t<\/a><\/p>\n<h3>\n\t\t\t\t\t\tVelime\u015fe Kesim 2\t\t\t\t\t<\/h3>\n<p>\t\t\t\t\t<a><br \/>\n\t\t\t\t\t\tView project\t\t\t\t\t<\/a><\/p>\n<h3>\n\t\t\t\t\t\tG\u00f6\u00e7erler Kesim Sanayii Sitesi\t\t\t\t\t<\/h3>\n<p>\t\t\t\t\t\t4 Adet D\u00fckkan<br \/>\n\t\t\t\t\t<a><br \/>\n\t\t\t\t\t\tView project\t\t\t\t\t<\/a><\/p>\n<h2>Projenizin hayata ge\u00e7mesine ba\u015flayal\u0131m.\u200b<br \/>\n<\/h2>\n<h4>End\u00fcstriye G\u00fc\u00e7 Katan Yap\u0131lar.<br \/>\n<\/h4>\n<p>\t\t\t\t\t<a href=\"https:\/\/wa.me\/905549157625\"><br \/>\n\t\t\t\t\t\t\t\t\t\u0130leti\u015fim Kur<br \/>\n\t\t\t\t\t<\/a><\/p>\n","protected":false},"excerpt":{"rendered":"<p>Kesimler \u0130n\u015faat Sanayi i\u00e7in in\u015fa ediyor, gelece\u011fi \u015fekillendiriyoruz. Daha Fazla Bilgi K\u0131saca Hakk\u0131m\u0131zda [&hellip;]<\/p>\n","protected":false},"author":1,"featured_media":0,"parent":0,"menu_order":0,"comment_status":"closed","ping_status":"closed","template":"elementor_header_footer","meta":{"footnotes":""},"class_list":["post-228","page","type-page","status-publish","hentry"],"_links":{"self":[{"href":"https:\/\/kesimlerinsaat.com\/index.php?rest_route=\/wp\/v2\/pages\/228","targetHints":{"allow":["GET"]}}],"collection":[{"href":"https:\/\/kesimlerinsaat.com\/index.php?rest_route=\/wp\/v2\/pages"}],"about":[{"href":"https:\/\/kesimlerinsaat.com\/index.php?rest_route=\/wp\/v2\/types\/page"}],"author":[{"embeddable":true,"href":"https:\/\/kesimlerinsaat.com\/index.php?rest_route=\/wp\/v2\/users\/1"}],"replies":[{"embeddable":true,"href":"https:\/\/kesimlerinsaat.com\/index.php?rest_route=%2Fwp%2Fv2%2Fcomments&post=228"}],"version-history":[{"count":0,"href":"https:\/\/kesimlerinsaat.com\/index.php?rest_route=\/wp\/v2\/pages\/228\/revisions"}],"wp:attachment":[{"href":"https:\/\/kesimlerinsaat.com\/index.php?rest_route=%2Fwp%2Fv2%2Fmedia&parent=228"}],"curies":[{"name":"wp","href":"https:\/\/api.w.org\/{rel}","templated":true}]}}